{"id":3778,"date":"2026-02-11T09:09:45","date_gmt":"2026-02-11T09:09:45","guid":{"rendered":"https:\/\/www.hutbarbora.cz\/?post_type=product&#038;p=3778"},"modified":"2026-02-11T09:10:13","modified_gmt":"2026-02-11T09:10:13","slug":"parkourove-odpoledne-v-huti-barbora","status":"publish","type":"product","link":"https:\/\/www.hutbarbora.cz\/en\/akce\/parkourove-odpoledne-v-huti-barbora\/","title":{"rendered":"Parkourov\u00e9 odpoledne v hu\u0165i Barbora"},"content":{"rendered":"","protected":false},"excerpt":{"rendered":"<p>Akce se kon\u00e1 ve venkovn\u00edm are\u00e1lu hut\u011b Barbora, vstupenky k\u00a0prodeji pouze na m\u00edst\u011b v\u00a0den kon\u00e1n\u00ed akce.<\/p>","protected":false},"author":1,"featured_media":3779,"template":"","meta":[],"product_brand":[],"product_cat":[77],"product_tag":[],"class_list":{"0":"post-3778","1":"product","2":"type-product","3":"status-publish","4":"has-post-thumbnail","6":"product_cat-ostatni","8":"first","9":"instock","10":"downloadable","11":"virtual","12":"purchasable","13":"product-type-simple"},"ct_brands":[],"_links":{"self":[{"href":"https:\/\/www.hutbarbora.cz\/en\/wp-json\/wp\/v2\/product\/3778","targetHints":{"allow":["GET"]}}],"collection":[{"href":"https:\/\/www.hutbarbora.cz\/en\/wp-json\/wp\/v2\/product"}],"about":[{"href":"https:\/\/www.hutbarbora.cz\/en\/wp-json\/wp\/v2\/types\/product"}],"author":[{"embeddable":true,"href":"https:\/\/www.hutbarbora.cz\/en\/wp-json\/wp\/v2\/users\/1"}],"wp:featuredmedia":[{"embeddable":true,"href":"https:\/\/www.hutbarbora.cz\/en\/wp-json\/wp\/v2\/media\/3779"}],"wp:attachment":[{"href":"https:\/\/www.hutbarbora.cz\/en\/wp-json\/wp\/v2\/media?parent=3778"}],"wp:term":[{"taxonomy":"product_brand","embeddable":true,"href":"https:\/\/www.hutbarbora.cz\/en\/wp-json\/wp\/v2\/product_brand?post=3778"},{"taxonomy":"product_cat","embeddable":true,"href":"https:\/\/www.hutbarbora.cz\/en\/wp-json\/wp\/v2\/product_cat?post=3778"},{"taxonomy":"product_tag","embeddable":true,"href":"https:\/\/www.hutbarbora.cz\/en\/wp-json\/wp\/v2\/product_tag?post=3778"}],"curies":[{"name":"wp","href":"https:\/\/api.w.org\/{rel}","templated":true}]}}