{"id":3909,"date":"2026-03-31T07:21:02","date_gmt":"2026-03-31T07:21:02","guid":{"rendered":"https:\/\/www.hutbarbora.cz\/?post_type=product&#038;p=3909"},"modified":"2026-03-31T07:21:03","modified_gmt":"2026-03-31T07:21:03","slug":"prednaska-cinnost-charity-pribram","status":"publish","type":"product","link":"https:\/\/www.hutbarbora.cz\/en\/akce\/prednaska-cinnost-charity-pribram\/","title":{"rendered":"P\u0159edn\u00e1\u0161ka &#8211; \u010cinnost Charity P\u0159\u00edbram"},"content":{"rendered":"","protected":false},"excerpt":{"rendered":"","protected":false},"author":1,"featured_media":3910,"template":"","meta":[],"product_brand":[],"product_cat":[65],"product_tag":[],"class_list":{"0":"post-3909","1":"product","2":"type-product","3":"status-publish","4":"has-post-thumbnail","6":"product_cat-prednaska","8":"first","9":"instock","10":"downloadable","11":"virtual","12":"product-type-simple"},"ct_brands":[],"_links":{"self":[{"href":"https:\/\/www.hutbarbora.cz\/en\/wp-json\/wp\/v2\/product\/3909","targetHints":{"allow":["GET"]}}],"collection":[{"href":"https:\/\/www.hutbarbora.cz\/en\/wp-json\/wp\/v2\/product"}],"about":[{"href":"https:\/\/www.hutbarbora.cz\/en\/wp-json\/wp\/v2\/types\/product"}],"author":[{"embeddable":true,"href":"https:\/\/www.hutbarbora.cz\/en\/wp-json\/wp\/v2\/users\/1"}],"wp:featuredmedia":[{"embeddable":true,"href":"https:\/\/www.hutbarbora.cz\/en\/wp-json\/wp\/v2\/media\/3910"}],"wp:attachment":[{"href":"https:\/\/www.hutbarbora.cz\/en\/wp-json\/wp\/v2\/media?parent=3909"}],"wp:term":[{"taxonomy":"product_brand","embeddable":true,"href":"https:\/\/www.hutbarbora.cz\/en\/wp-json\/wp\/v2\/product_brand?post=3909"},{"taxonomy":"product_cat","embeddable":true,"href":"https:\/\/www.hutbarbora.cz\/en\/wp-json\/wp\/v2\/product_cat?post=3909"},{"taxonomy":"product_tag","embeddable":true,"href":"https:\/\/www.hutbarbora.cz\/en\/wp-json\/wp\/v2\/product_tag?post=3909"}],"curies":[{"name":"wp","href":"https:\/\/api.w.org\/{rel}","templated":true}]}}