{"id":3911,"date":"2026-03-31T07:23:40","date_gmt":"2026-03-31T07:23:40","guid":{"rendered":"https:\/\/www.hutbarbora.cz\/?post_type=product&#038;p=3911"},"modified":"2026-03-31T07:23:40","modified_gmt":"2026-03-31T07:23:40","slug":"brzdy-zblizka-i-zdalky-fotografie-bely-komancove-a-bohumila-fisera","status":"publish","type":"product","link":"https:\/\/www.hutbarbora.cz\/en\/akce\/brzdy-zblizka-i-zdalky-fotografie-bely-komancove-a-bohumila-fisera\/","title":{"rendered":"Brzdy zbl\u00edzka i zd\u00e1lky &#8211; Fotografie B\u011bly Komancov\u00e9 a Bohumila Fi\u0161era"},"content":{"rendered":"","protected":false},"excerpt":{"rendered":"","protected":false},"author":1,"featured_media":3912,"template":"","meta":[],"product_brand":[],"product_cat":[64],"product_tag":[],"class_list":{"0":"post-3911","1":"product","2":"type-product","3":"status-publish","4":"has-post-thumbnail","6":"product_cat-vystava","8":"first","9":"instock","10":"virtual","11":"product-type-simple"},"ct_brands":[],"_links":{"self":[{"href":"https:\/\/www.hutbarbora.cz\/en\/wp-json\/wp\/v2\/product\/3911","targetHints":{"allow":["GET"]}}],"collection":[{"href":"https:\/\/www.hutbarbora.cz\/en\/wp-json\/wp\/v2\/product"}],"about":[{"href":"https:\/\/www.hutbarbora.cz\/en\/wp-json\/wp\/v2\/types\/product"}],"author":[{"embeddable":true,"href":"https:\/\/www.hutbarbora.cz\/en\/wp-json\/wp\/v2\/users\/1"}],"wp:featuredmedia":[{"embeddable":true,"href":"https:\/\/www.hutbarbora.cz\/en\/wp-json\/wp\/v2\/media\/3912"}],"wp:attachment":[{"href":"https:\/\/www.hutbarbora.cz\/en\/wp-json\/wp\/v2\/media?parent=3911"}],"wp:term":[{"taxonomy":"product_brand","embeddable":true,"href":"https:\/\/www.hutbarbora.cz\/en\/wp-json\/wp\/v2\/product_brand?post=3911"},{"taxonomy":"product_cat","embeddable":true,"href":"https:\/\/www.hutbarbora.cz\/en\/wp-json\/wp\/v2\/product_cat?post=3911"},{"taxonomy":"product_tag","embeddable":true,"href":"https:\/\/www.hutbarbora.cz\/en\/wp-json\/wp\/v2\/product_tag?post=3911"}],"curies":[{"name":"wp","href":"https:\/\/api.w.org\/{rel}","templated":true}]}}