{"id":3915,"date":"2026-04-08T10:43:15","date_gmt":"2026-04-08T10:43:15","guid":{"rendered":"https:\/\/www.hutbarbora.cz\/?post_type=product&#038;p=3915"},"modified":"2026-04-15T08:37:46","modified_gmt":"2026-04-15T08:37:46","slug":"octo-codes-povidani-o-osmi-psychologickych-archetypech","status":"publish","type":"product","link":"https:\/\/www.hutbarbora.cz\/en\/akce\/octo-codes-povidani-o-osmi-psychologickych-archetypech\/","title":{"rendered":"Octo codes &#8211; Pov\u00eddan\u00ed o osmi psychologick\u00fdch archetypech"},"content":{"rendered":"","protected":false},"excerpt":{"rendered":"","protected":false},"author":1,"featured_media":3916,"template":"","meta":[],"product_brand":[],"product_cat":[65],"product_tag":[],"class_list":{"0":"post-3915","1":"product","2":"type-product","3":"status-publish","4":"has-post-thumbnail","6":"product_cat-prednaska","8":"first","9":"instock","10":"virtual","11":"product-type-simple"},"ct_brands":[],"_links":{"self":[{"href":"https:\/\/www.hutbarbora.cz\/en\/wp-json\/wp\/v2\/product\/3915","targetHints":{"allow":["GET"]}}],"collection":[{"href":"https:\/\/www.hutbarbora.cz\/en\/wp-json\/wp\/v2\/product"}],"about":[{"href":"https:\/\/www.hutbarbora.cz\/en\/wp-json\/wp\/v2\/types\/product"}],"author":[{"embeddable":true,"href":"https:\/\/www.hutbarbora.cz\/en\/wp-json\/wp\/v2\/users\/1"}],"wp:featuredmedia":[{"embeddable":true,"href":"https:\/\/www.hutbarbora.cz\/en\/wp-json\/wp\/v2\/media\/3916"}],"wp:attachment":[{"href":"https:\/\/www.hutbarbora.cz\/en\/wp-json\/wp\/v2\/media?parent=3915"}],"wp:term":[{"taxonomy":"product_brand","embeddable":true,"href":"https:\/\/www.hutbarbora.cz\/en\/wp-json\/wp\/v2\/product_brand?post=3915"},{"taxonomy":"product_cat","embeddable":true,"href":"https:\/\/www.hutbarbora.cz\/en\/wp-json\/wp\/v2\/product_cat?post=3915"},{"taxonomy":"product_tag","embeddable":true,"href":"https:\/\/www.hutbarbora.cz\/en\/wp-json\/wp\/v2\/product_tag?post=3915"}],"curies":[{"name":"wp","href":"https:\/\/api.w.org\/{rel}","templated":true}]}}